{"id":29,"date":"2023-10-22T21:08:27","date_gmt":"2023-10-22T21:08:27","guid":{"rendered":"https:\/\/kevtefu.etmdesign.com\/?page_id=29"},"modified":"2024-04-26T20:57:37","modified_gmt":"2024-04-26T20:57:37","slug":"home","status":"publish","type":"page","link":"https:\/\/kevtefu.etmdesign.com\/","title":{"rendered":"home"},"content":{"rendered":"\t\t<div data-elementor-type=\"wp-page\" data-elementor-id=\"29\" class=\"elementor elementor-29\" data-elementor-post-type=\"page\">\n\t\t\t\t\t\t\t\t\t<header class=\"elementor-section elementor-top-section elementor-element elementor-element-180747fb elementor-section-content-middle elementor-section-height-min-height elementor-section-boxed elementor-section-height-default elementor-section-items-middle\" data-id=\"180747fb\" data-element_type=\"section\" data-settings=\"{&quot;background_background&quot;:&quot;classic&quot;}\">\n\t\t\t\t\t\t<div class=\"elementor-container elementor-column-gap-no\">\n\t\t\t\t\t<div class=\"elementor-column elementor-col-25 elementor-top-column elementor-element elementor-element-3ed97901\" data-id=\"3ed97901\" data-element_type=\"column\">\n\t\t\t<div class=\"elementor-widget-wrap elementor-element-populated\">\n\t\t\t\t\t\t\t\t<div class=\"elementor-element elementor-element-5ed9a1ae elementor-widget elementor-widget-theme-site-logo elementor-widget-image\" data-id=\"5ed9a1ae\" data-element_type=\"widget\" data-widget_type=\"theme-site-logo.default\">\n\t\t\t\t<div class=\"elementor-widget-container\">\n\t\t\t<style>\/*! elementor - v3.15.0 - 09-08-2023 *\/\n.elementor-widget-image{text-align:center}.elementor-widget-image a{display:inline-block}.elementor-widget-image a img[src$=\".svg\"]{width:48px}.elementor-widget-image img{vertical-align:middle;display:inline-block}<\/style>\t\t\t\t\t\t\t\t<a href=\"https:\/\/kevtefu.etmdesign.com\">\n\t\t\t<img decoding=\"async\" loading=\"lazy\" width=\"1324\" height=\"368\" src=\"https:\/\/kevtefu.etmdesign.com\/wp-content\/uploads\/2023\/10\/kevtefu-logo.png\" class=\"attachment-full size-full wp-image-102\" alt=\"\" srcset=\"https:\/\/kevtefu.etmdesign.com\/wp-content\/uploads\/2023\/10\/kevtefu-logo.png 1324w, https:\/\/kevtefu.etmdesign.com\/wp-content\/uploads\/2023\/10\/kevtefu-logo-300x83.png 300w, https:\/\/kevtefu.etmdesign.com\/wp-content\/uploads\/2023\/10\/kevtefu-logo-1024x285.png 1024w, https:\/\/kevtefu.etmdesign.com\/wp-content\/uploads\/2023\/10\/kevtefu-logo-768x213.png 768w\" sizes=\"(max-width: 1324px) 100vw, 1324px\" style=\"width:100%;height:27.79%;max-width:1324px\" \/>\t\t\t\t<\/a>\n\t\t\t\t\t\t\t\t\t\t\t<\/div>\n\t\t\t\t<\/div>\n\t\t\t\t\t<\/div>\n\t\t<\/div>\n\t\t\t\t<div class=\"elementor-column elementor-col-50 elementor-top-column elementor-element elementor-element-6e0bd6f3\" data-id=\"6e0bd6f3\" data-element_type=\"column\">\n\t\t\t<div class=\"elementor-widget-wrap elementor-element-populated\">\n\t\t\t\t\t\t\t\t<div class=\"elementor-element elementor-element-751847c3 elementor-nav-menu__align-right elementor-nav-menu--stretch elementor-nav-menu--dropdown-tablet elementor-nav-menu__text-align-aside elementor-nav-menu--toggle elementor-nav-menu--burger elementor-widget elementor-widget-nav-menu\" data-id=\"751847c3\" data-element_type=\"widget\" data-settings=\"{&quot;full_width&quot;:&quot;stretch&quot;,&quot;layout&quot;:&quot;horizontal&quot;,&quot;submenu_icon&quot;:{&quot;value&quot;:&quot;&lt;i class=\\&quot;fas fa-caret-down\\&quot;&gt;&lt;\\\/i&gt;&quot;,&quot;library&quot;:&quot;fa-solid&quot;},&quot;toggle&quot;:&quot;burger&quot;}\" data-widget_type=\"nav-menu.default\">\n\t\t\t\t<div class=\"elementor-widget-container\">\n\t\t\t<link rel=\"stylesheet\" href=\"https:\/\/kevtefu.etmdesign.com\/wp-content\/plugins\/elementor-pro\/assets\/css\/widget-nav-menu.min.css\">\t\t\t<nav class=\"elementor-nav-menu--main elementor-nav-menu__container elementor-nav-menu--layout-horizontal e--pointer-underline e--animation-fade\">\n\t\t\t\t<ul id=\"menu-1-751847c3\" class=\"elementor-nav-menu\"><li class=\"menu-item menu-item-type-post_type menu-item-object-page menu-item-home menu-item-109\"><a href=\"https:\/\/kevtefu.etmdesign.com\/\" class=\"elementor-item\">F\u0151oldal<\/a><\/li>\n<li class=\"menu-item menu-item-type-post_type menu-item-object-page menu-item-212\"><a href=\"https:\/\/kevtefu.etmdesign.com\/index.php\/bogrek\/\" class=\"elementor-item\">B\u00f6gr\u00e9k<\/a><\/li>\n<li class=\"menu-item menu-item-type-post_type menu-item-object-page menu-item-213\"><a href=\"https:\/\/kevtefu.etmdesign.com\/index.php\/whiskey-pohar\/\" class=\"elementor-item\">Whiskey Poh\u00e1r<\/a><\/li>\n<li class=\"menu-item menu-item-type-post_type menu-item-object-page menu-item-214\"><a href=\"https:\/\/kevtefu.etmdesign.com\/index.php\/boros-poharak\/\" class=\"elementor-item\">Boros poharak<\/a><\/li>\n<\/ul>\t\t\t<\/nav>\n\t\t\t\t\t<div class=\"elementor-menu-toggle\" role=\"button\" tabindex=\"0\" aria-label=\"Menu Toggle\" aria-expanded=\"false\">\n\t\t\t<i aria-hidden=\"true\" role=\"presentation\" class=\"elementor-menu-toggle__icon--open eicon-menu-bar\"><\/i><i aria-hidden=\"true\" role=\"presentation\" class=\"elementor-menu-toggle__icon--close eicon-close\"><\/i>\t\t\t<span class=\"elementor-screen-only\">Menu<\/span>\n\t\t<\/div>\n\t\t\t\t\t<nav class=\"elementor-nav-menu--dropdown elementor-nav-menu__container\" aria-hidden=\"true\">\n\t\t\t\t<ul id=\"menu-2-751847c3\" class=\"elementor-nav-menu\"><li class=\"menu-item menu-item-type-post_type menu-item-object-page menu-item-home menu-item-109\"><a href=\"https:\/\/kevtefu.etmdesign.com\/\" class=\"elementor-item\" tabindex=\"-1\">F\u0151oldal<\/a><\/li>\n<li class=\"menu-item menu-item-type-post_type menu-item-object-page menu-item-212\"><a href=\"https:\/\/kevtefu.etmdesign.com\/index.php\/bogrek\/\" class=\"elementor-item\" tabindex=\"-1\">B\u00f6gr\u00e9k<\/a><\/li>\n<li class=\"menu-item menu-item-type-post_type menu-item-object-page menu-item-213\"><a href=\"https:\/\/kevtefu.etmdesign.com\/index.php\/whiskey-pohar\/\" class=\"elementor-item\" tabindex=\"-1\">Whiskey Poh\u00e1r<\/a><\/li>\n<li class=\"menu-item menu-item-type-post_type menu-item-object-page menu-item-214\"><a href=\"https:\/\/kevtefu.etmdesign.com\/index.php\/boros-poharak\/\" class=\"elementor-item\" tabindex=\"-1\">Boros poharak<\/a><\/li>\n<\/ul>\t\t\t<\/nav>\n\t\t\t\t<\/div>\n\t\t\t\t<\/div>\n\t\t\t\t\t<\/div>\n\t\t<\/div>\n\t\t\t\t<div class=\"elementor-column elementor-col-25 elementor-top-column elementor-element elementor-element-10e28797\" data-id=\"10e28797\" data-element_type=\"column\">\n\t\t\t<div class=\"elementor-widget-wrap elementor-element-populated\">\n\t\t\t\t\t\t\t\t<div class=\"elementor-element elementor-element-770c406c elementor-search-form--skin-full_screen elementor-widget elementor-widget-search-form\" data-id=\"770c406c\" data-element_type=\"widget\" data-settings=\"{&quot;skin&quot;:&quot;full_screen&quot;}\" data-widget_type=\"search-form.default\">\n\t\t\t\t<div class=\"elementor-widget-container\">\n\t\t\t<link rel=\"stylesheet\" href=\"https:\/\/kevtefu.etmdesign.com\/wp-content\/plugins\/elementor-pro\/assets\/css\/widget-theme-elements.min.css\">\t\t<form class=\"elementor-search-form\" action=\"https:\/\/kevtefu.etmdesign.com\" method=\"get\" role=\"search\">\n\t\t\t\t\t\t\t\t\t<div class=\"elementor-search-form__toggle\" tabindex=\"0\" role=\"button\">\n\t\t\t\t<i aria-hidden=\"true\" class=\"fas fa-search\"><\/i>\t\t\t\t<span class=\"elementor-screen-only\">Search<\/span>\n\t\t\t<\/div>\n\t\t\t\t\t\t<div class=\"elementor-search-form__container\">\n\t\t\t\t<label class=\"elementor-screen-only\" for=\"elementor-search-form-770c406c\">Search<\/label>\n\n\t\t\t\t\n\t\t\t\t<input id=\"elementor-search-form-770c406c\" placeholder=\"Search...\" class=\"elementor-search-form__input\" type=\"search\" name=\"s\" value=\"\">\n\t\t\t\t\n\t\t\t\t\n\t\t\t\t\t\t\t\t<div class=\"dialog-lightbox-close-button dialog-close-button\" role=\"button\" tabindex=\"0\">\n\t\t\t\t\t<i aria-hidden=\"true\" class=\"eicon-close\"><\/i>\t\t\t\t\t<span class=\"elementor-screen-only\">Close this search box.<\/span>\n\t\t\t\t<\/div>\n\t\t\t\t\t\t\t<\/div>\n\t\t<\/form>\n\t\t\t\t<\/div>\n\t\t\t\t<\/div>\n\t\t\t\t\t<\/div>\n\t\t<\/div>\n\t\t\t\t\t\t\t<\/div>\n\t\t<\/header>\n\t\t\t\t<section class=\"elementor-section elementor-top-section elementor-element elementor-element-ac9842f elementor-section-boxed elementor-section-height-default elementor-section-height-default\" data-id=\"ac9842f\" data-element_type=\"section\">\n\t\t\t\t\t\t<div class=\"elementor-container elementor-column-gap-default\">\n\t\t\t\t\t<div class=\"elementor-column elementor-col-100 elementor-top-column elementor-element elementor-element-8729799\" data-id=\"8729799\" data-element_type=\"column\">\n\t\t\t<div class=\"elementor-widget-wrap elementor-element-populated\">\n\t\t\t\t\t\t\t\t<div class=\"elementor-element elementor-element-cec6402 elementor-widget elementor-widget-heading\" data-id=\"cec6402\" data-element_type=\"widget\" data-widget_type=\"heading.default\">\n\t\t\t\t<div class=\"elementor-widget-container\">\n\t\t\t<style>\/*! elementor - v3.15.0 - 09-08-2023 *\/\n.elementor-heading-title{padding:0;margin:0;line-height:1}.elementor-widget-heading .elementor-heading-title[class*=elementor-size-]>a{color:inherit;font-size:inherit;line-height:inherit}.elementor-widget-heading .elementor-heading-title.elementor-size-small{font-size:15px}.elementor-widget-heading .elementor-heading-title.elementor-size-medium{font-size:19px}.elementor-widget-heading .elementor-heading-title.elementor-size-large{font-size:29px}.elementor-widget-heading .elementor-heading-title.elementor-size-xl{font-size:39px}.elementor-widget-heading .elementor-heading-title.elementor-size-xxl{font-size:59px}<\/style><h2 class=\"elementor-heading-title elementor-size-default\">C\u00e9g\u00fcnkr\u0151l<\/h2>\t\t<\/div>\n\t\t\t\t<\/div>\n\t\t\t\t<div class=\"elementor-element elementor-element-3e24560 elementor-widget elementor-widget-text-editor\" data-id=\"3e24560\" data-element_type=\"widget\" data-widget_type=\"text-editor.default\">\n\t\t\t\t<div class=\"elementor-widget-container\">\n\t\t\t<style>\/*! elementor - v3.15.0 - 09-08-2023 *\/\n.elementor-widget-text-editor.elementor-drop-cap-view-stacked .elementor-drop-cap{background-color:#69727d;color:#fff}.elementor-widget-text-editor.elementor-drop-cap-view-framed .elementor-drop-cap{color:#69727d;border:3px solid;background-color:transparent}.elementor-widget-text-editor:not(.elementor-drop-cap-view-default) .elementor-drop-cap{margin-top:8px}.elementor-widget-text-editor:not(.elementor-drop-cap-view-default) .elementor-drop-cap-letter{width:1em;height:1em}.elementor-widget-text-editor .elementor-drop-cap{float:left;text-align:center;line-height:1;font-size:50px}.elementor-widget-text-editor .elementor-drop-cap-letter{display:inline-block}<\/style>\t\t\t\t<p>Fedezze fel kiv\u00e9teles v\u00e1laszt\u00e9kunkat, amely mag\u00e1ban foglalja a gondosan kiv\u00e1lasztott boros poharakat, st\u00edlusos whiskys poharakat \u00e9s egyedi tervez\u00e9s\u0171 b\u00f6gr\u00e9ket. Mindegyik term\u00e9k\u00fcnkkel az a c\u00e9lunk, hogy minden egyes kortyot felejthetetlen \u00e9lm\u00e9nny\u00e9 var\u00e1zsoljunk az \u00d6n sz\u00e1m\u00e1ra. Legyen sz\u00f3 egy eleg\u00e1ns esti boroz\u00e1sr\u00f3l, egy bar\u00e1ti whisky k\u00f3stol\u00f3r\u00f3l vagy egy meghitt k\u00e1v\u00e9z\u00e1sr\u00f3l otthon, n\u00e1lunk mindenki megtal\u00e1lja a t\u00f6k\u00e9letes t\u00e1rsat az italaihoz. L\u00e1togasson el hozz\u00e1nk, \u00e9s v\u00e1logasson pr\u00e9mium min\u0151s\u00e9g\u0171 k\u00edn\u00e1latunkb\u00f3l, hogy minden pillanat k\u00fcl\u00f6nleges legyen!<\/p>\t\t\t\t\t\t<\/div>\n\t\t\t\t<\/div>\n\t\t\t\t\t<\/div>\n\t\t<\/div>\n\t\t\t\t\t\t\t<\/div>\n\t\t<\/section>\n\t\t\t\t\t\t\t<\/div>\n\t\t","protected":false},"excerpt":{"rendered":"<p>C\u00e9g\u00fcnkr\u0151l Fedezze fel kiv\u00e9teles v\u00e1laszt\u00e9kunkat, amely mag\u00e1ban foglalja a gondosan kiv\u00e1lasztott boros poharakat, st\u00edlusos whiskys poharakat \u00e9s egyedi tervez\u00e9s\u0171 b\u00f6gr\u00e9ket. Mindegyik term\u00e9k\u00fcnkkel az a c\u00e9lunk, hogy minden egyes kortyot felejthetetlen \u00e9lm\u00e9nny\u00e9 var\u00e1zsoljunk az \u00d6n sz\u00e1m\u00e1ra. Legyen sz\u00f3 egy eleg\u00e1ns esti boroz\u00e1sr\u00f3l, egy bar\u00e1ti whisky k\u00f3stol\u00f3r\u00f3l vagy egy meghitt k\u00e1v\u00e9z\u00e1sr\u00f3l otthon, n\u00e1lunk mindenki megtal\u00e1lja a t\u00f6k\u00e9letes&hellip; <a class=\"more-link\" href=\"https:\/\/kevtefu.etmdesign.com\/\">Continue reading <span class=\"screen-reader-text\">home<\/span><\/a><\/p>\n","protected":false},"author":1,"featured_media":0,"parent":0,"menu_order":0,"comment_status":"closed","ping_status":"closed","template":"elementor_canvas","meta":{"footnotes":""},"_links":{"self":[{"href":"https:\/\/kevtefu.etmdesign.com\/index.php\/wp-json\/wp\/v2\/pages\/29"}],"collection":[{"href":"https:\/\/kevtefu.etmdesign.com\/index.php\/wp-json\/wp\/v2\/pages"}],"about":[{"href":"https:\/\/kevtefu.etmdesign.com\/index.php\/wp-json\/wp\/v2\/types\/page"}],"author":[{"embeddable":true,"href":"https:\/\/kevtefu.etmdesign.com\/index.php\/wp-json\/wp\/v2\/users\/1"}],"replies":[{"embeddable":true,"href":"https:\/\/kevtefu.etmdesign.com\/index.php\/wp-json\/wp\/v2\/comments?post=29"}],"version-history":[{"count":70,"href":"https:\/\/kevtefu.etmdesign.com\/index.php\/wp-json\/wp\/v2\/pages\/29\/revisions"}],"predecessor-version":[{"id":148,"href":"https:\/\/kevtefu.etmdesign.com\/index.php\/wp-json\/wp\/v2\/pages\/29\/revisions\/148"}],"wp:attachment":[{"href":"https:\/\/kevtefu.etmdesign.com\/index.php\/wp-json\/wp\/v2\/media?parent=29"}],"curies":[{"name":"wp","href":"https:\/\/api.w.org\/{rel}","templated":true}]}}